{"id":2428,"date":"2018-03-09T10:52:48","date_gmt":"2018-03-09T10:52:48","guid":{"rendered":"https:\/\/www.redefar.com\/comunidad-redefar\/"},"modified":"2020-04-28T18:00:35","modified_gmt":"2020-04-28T16:00:35","slug":"redefar-community","status":"publish","type":"page","link":"https:\/\/www.redefar.com\/en\/redefar-community\/","title":{"rendered":"REDEFAR community"},"content":{"rendered":"<p>[vc_row foundry_parallax=&#8221;not-parallax&#8221; bg_type=&#8221;image&#8221; bg_override=&#8221;full&#8221; css=&#8221;.vc_custom_1520891420198{padding-top: 20px !important;padding-right: 0px !important;padding-bottom: 0px !important;padding-left: 0px !important;background-image: url(https:\/\/www.redefar.com\/wp-content\/uploads\/2018\/03\/Cabecera-REDEFAR-Azul.jpg?id=2116) !important;background-position: center !important;background-repeat: no-repeat !important;background-size: cover !important;}&#8221;][vc_column width=&#8221;2\/3&#8243; css=&#8221;.vc_custom_1520714474112{padding-top: 60px !important;padding-bottom: 60px !important;}&#8221;][vc_empty_space height=&#8221;50&#8243;][vc_column_text]<\/p>\n<h1>REDEFAR community<\/h1>\n<p>[\/vc_column_text][vc_column_text]<\/p>\n<h5>The REDEFAR community was created at a meeting held on 8 March 2017 in the CIB-CSIC. It arose from the need to integrate all public and private bodies involved in drug discovery in Spain. The mission of the REDEFAR community is to act as an instrument for creating a coordinated structure for the different stages of early drug discovery in Spain, with the aim of adding value to each of these stages and reducing the risk inherent in the application of transformational science.<\/h5>\n<p>[\/vc_column_text][vc_column_text]<\/p>\n<h5>The REDEFAR drug discovery community (more than 200 members) combines the expertise of many public-private companies In Spain. The community also act in coordination with the PTEMI, the working group for drug discovery of ASEBIO, the SDDN and other related networks in both Spain and Europe.<\/h5>\n<h4 style=\"background: white; padding: 10px; color: #292929;\">If you would like to form part of the REDEFAR community and participate in our activities, please contact us at <a style=\"color: #292929;\" href=\"mailto:info@redefar.com\">info@redefar.com<\/a><\/h4>\n<p>[\/vc_column_text][\/vc_column][vc_column width=&#8221;1\/3&#8243;][\/vc_column][\/vc_row][vc_row css=&#8221;.vc_custom_1586772007248{padding-top: 30px !important;padding-right: 20px !important;padding-bottom: 0px !important;padding-left: 20px !important;}&#8221; el_class=&#8221;hidden&#8221;][vc_column][vc_column_text]Surge de la necesidad de integrar a todos los actores p\u00fablicos y privados del entorno de descubrimiento de f\u00e1rmacos espa\u00f1ol entorno a REDEFAR. La comunidad REDEFAR tiene la misi\u00f3n de ser un instrumento para crear en Espa\u00f1a una estructura coordinada en las diferentes etapas del descubrimiento temprano de f\u00e1rmacos, buscando a\u00f1adir valor en cada una de ellas y reducir el riesgo intr\u00ednseco a este tipo de actividades de aplicaci\u00f3n de ciencia transformacional.[\/vc_column_text][vc_raw_html css=&#8221;.vc_custom_1586771999630{padding-top: 0px !important;padding-right: 0px !important;padding-bottom: 0px !important;padding-left: 0px !important;}&#8221;]JTVCdGFibGUlMjBpZCUzRDIlMjByZXNwb25zaXZlJTNEY29sbGFwc2UlMjBhdXRvbWF0aWNfdXJsX2NvbnZlcnNpb24lM0R0cnVlJTIwYXV0b21hdGljX3VybF9jb252ZXJzaW9uX25ld193aW5kb3clM0R0cnVlJTIwJTJGJTVE[\/vc_raw_html][\/vc_column][\/vc_row]<\/p>\n","protected":false},"excerpt":{"rendered":"<p>[vc_row foundry_parallax=&#8221;not-parallax&#8221; bg_type=&#8221;image&#8221; bg_override=&#8221;full&#8221; css=&#8221;.vc_custom_1520891420198{padding-top: 20px !important;padding-right: 0px !important;padding-bottom: 0px !important;padding-left: 0px !important;background-image: url(https:\/\/www.redefar.com\/wp-content\/uploads\/2018\/03\/Cabecera-REDEFAR-Azul.jpg?id=2116) !important;background-position: center !important;background-repeat: no-repeat !important;background-size: cover !important;}&#8221;][vc_column&#8230;<\/p>\n","protected":false},"author":1,"featured_media":0,"parent":0,"menu_order":0,"comment_status":"closed","ping_status":"closed","template":"","meta":{"inline_featured_image":false,"footnotes":""},"class_list":["post-2428","page","type-page","status-publish","hentry"],"_links":{"self":[{"href":"https:\/\/www.redefar.com\/en\/wp-json\/wp\/v2\/pages\/2428","targetHints":{"allow":["GET"]}}],"collection":[{"href":"https:\/\/www.redefar.com\/en\/wp-json\/wp\/v2\/pages"}],"about":[{"href":"https:\/\/www.redefar.com\/en\/wp-json\/wp\/v2\/types\/page"}],"author":[{"embeddable":true,"href":"https:\/\/www.redefar.com\/en\/wp-json\/wp\/v2\/users\/1"}],"replies":[{"embeddable":true,"href":"https:\/\/www.redefar.com\/en\/wp-json\/wp\/v2\/comments?post=2428"}],"version-history":[{"count":2,"href":"https:\/\/www.redefar.com\/en\/wp-json\/wp\/v2\/pages\/2428\/revisions"}],"predecessor-version":[{"id":2430,"href":"https:\/\/www.redefar.com\/en\/wp-json\/wp\/v2\/pages\/2428\/revisions\/2430"}],"wp:attachment":[{"href":"https:\/\/www.redefar.com\/en\/wp-json\/wp\/v2\/media?parent=2428"}],"curies":[{"name":"wp","href":"https:\/\/api.w.org\/{rel}","templated":true}]}}